{"id":16649,"date":"2016-07-15T09:45:40","date_gmt":"2016-07-15T07:45:40","guid":{"rendered":"https:\/\/www.wohnwagen-vogt.de\/ueber-uns\/"},"modified":"2023-03-14T12:56:06","modified_gmt":"2023-03-14T11:56:06","slug":"ueber-uns","status":"publish","type":"page","link":"https:\/\/www.wohnwagen-vogt.de\/fr\/ueber-uns\/","title":{"rendered":"Qui sommes-nous ?"},"content":{"rendered":"<div class=\"wpb-content-wrapper\"><p>[vc_row][vc_column][vc_single_image image=\u00a0\u00bb12142&Prime; img_size=\u00a0\u00bbfull\u00a0\u00bb][\/vc_column][\/vc_row][vc_row tz_row_type=\u00a0\u00bbgrid\u00a0\u00bb css=\u00a0\u00bb.vc_custom_1529583015880{margin-top: -20px !important;padding-bottom: 80px !important;}\u00a0\u00bb][vc_column width=\u00a0\u00bb1\/2&Prime;]    <div class=\"autoshowroom-title  autoshowroom-title-left\">\r\n                    <h2 class=\"AutoshowroomTitle\"            >\r\n                Entreprise du sud-ouest de l\u2019Allemagne depuis 1962            <\/h2>\r\n                    <p>\r\n        Nous sommes une entreprise familiale et employons pr\u00e8s de 65\u00a0personnes.<br \/>\nSur notre site de 15\u00a0000\u00a0m\u00b2 \u00e0 Sarrebruck, vous avez la possibilit\u00e9 de d\u00e9couvrir de nombreux camping-cars et caravanes neufs et d\u2019occasion des plus grandes marques.<\/p>\n<p>Nous mettons une flotte de 60\u00a0v\u00e9hicules de location \u00e0 disposition pour que vous puissiez profiter des plus belles journ\u00e9es de l\u2019ann\u00e9e.\u00a0 Dans la boutique de notre entreprise, les amateurs de camping trouveront leur bonheur, qu\u2019il s\u2019agisse de chaises de camping, d\u2019antennes satellites mobiles, de pi\u00e8ces de rechange ou de tout autre accessoire.<\/p>\n<p>\u00c9quip\u00e9 d\u2019une infrastructure technique la plus moderne, le centre de service de Wohnwagen Vogt fait partie des garages sp\u00e9cialis\u00e9s les plus importants du sud-ouest de l\u2019Allemagne.<br \/>\nNous nous tenons \u00e0 votre enti\u00e8re disposition pour toute demande de conseil et serions ravis de vous accueillir \u00e0 Sarrebruck.<\/p>\n<p><strong>Votre \u00e9quipe Wohnwagen Vogt<\/strong>        <\/p>\r\n                 <\/div>\r\n    [\/vc_column][vc_column width=\u00a0\u00bb1\/2&Prime;]    <div class=\"autoshowroom-lightgallery \">\r\n        <ul id=\"lightgallery-69de1fa8e7058\" class=\"row tz_lightgallery\">\r\n                        <li class=\"light-gallery-item col-xs-12 col-sm-6 col-md-6\"\r\n                style=\"padding:15px\"\r\n                data-src=\"https:\/\/www.wohnwagen-vogt.de\/wp-content\/uploads\/2018\/06\/wohnwagen-vogt-ausstellungsraum.jpg\">\r\n                <img decoding=\"async\" class=\"light-thumb\" style=\"border-radius:0\" src=\"https:\/\/www.wohnwagen-vogt.de\/wp-content\/uploads\/2018\/06\/wohnwagen-vogt-ausstellungsraum-1024x681.jpg\" alt=\"\"\/>\r\n            <\/li>\r\n                <li class=\"light-gallery-item col-xs-12 col-sm-6 col-md-6\"\r\n                style=\"padding:15px\"\r\n                data-src=\"https:\/\/www.wohnwagen-vogt.de\/wp-content\/uploads\/2018\/06\/wohnwagen-vogt-modelle.jpg\">\r\n                <img decoding=\"async\" class=\"light-thumb\" style=\"border-radius:0\" src=\"https:\/\/www.wohnwagen-vogt.de\/wp-content\/uploads\/2018\/06\/wohnwagen-vogt-modelle-1024x681.jpg\" alt=\"\"\/>\r\n            <\/li>\r\n                <li class=\"light-gallery-item col-xs-12 col-sm-6 col-md-6\"\r\n                style=\"padding:15px\"\r\n                data-src=\"https:\/\/www.wohnwagen-vogt.de\/wp-content\/uploads\/2018\/06\/wohnwagen-vogt-innen-gebaeude.jpg\">\r\n                <img decoding=\"async\" class=\"light-thumb\" style=\"border-radius:0\" src=\"https:\/\/www.wohnwagen-vogt.de\/wp-content\/uploads\/2018\/06\/wohnwagen-vogt-innen-gebaeude-1024x681.jpg\" alt=\"\"\/>\r\n            <\/li>\r\n                <li class=\"light-gallery-item col-xs-12 col-sm-6 col-md-6\"\r\n                style=\"padding:15px\"\r\n                data-src=\"https:\/\/www.wohnwagen-vogt.de\/wp-content\/uploads\/2018\/06\/wohnwagen-vogt-hymer-knaus.jpg\">\r\n                <img decoding=\"async\" class=\"light-thumb\" style=\"border-radius:0\" src=\"https:\/\/www.wohnwagen-vogt.de\/wp-content\/uploads\/2018\/06\/wohnwagen-vogt-hymer-knaus-1024x681.jpg\" alt=\"\"\/>\r\n            <\/li>\r\n            <\/ul>\r\n    <\/div>\r\n    <script type=\"text\/javascript\">\r\n        jQuery(document).ready(function(){\r\n            jQuery('#lightgallery-69de1fa8e7058').each(function(){\r\n                jQuery(this).lightGallery();\r\n            })\r\n        });\r\n    <\/script>\r\n    [\/vc_column][\/vc_row][vc_row tz_row_type=\u00a0\u00bbgrid\u00a0\u00bb][vc_column width=\u00a0\u00bb1\/2&Prime;]    <div class=\"autoshowroom-list list_style-1  \">\r\n        \n<ul>\n<li><i class=\"fas fa-check-square\"><\/i>Conseils professionnels pour la vente de v\u00e9hicules et sur la proc\u00e9dure d\u2019achat, depuis la premi\u00e8re consultation jusqu\u2019\u00e0 la livraison du v\u00e9hicule<\/li>\n<li><i class=\"fas fa-check-square\"><\/i>V\u00e9hicules neufs des plus grands fabricants et v\u00e9hicules d\u2019occasion parfaitement entretenus<\/li>\n<li><i class=\"fas fa-check-square\"><\/i>\u00c9ditions et mod\u00e8les sp\u00e9ciaux con\u00e7us par nos soins<\/li>\n<li><i class=\"fas fa-check-square\"><\/i>Conseils de financement personnalis\u00e9s en fonction de vos besoins<\/li>\n<li><i class=\"fas fa-check-square\"><\/i>V\u00e9hicules de location neufs \u00e0 des prix raisonnables<\/li>\n<li><i class=\"fas fa-check-square\"><\/i>Tr\u00e8s large choix d\u2019accessoires dans notre boutique moderne<\/li>\n<\/ul>\n    <\/div>\r\n    [\/vc_column][vc_column width=\u00a0\u00bb1\/2&Prime;]    <div class=\"autoshowroom-list list_style-1  \">\r\n        \n<ul>\n<li><i class=\"fas fa-check-square\"><\/i>Personnel qualifi\u00e9 et form\u00e9 dans tous nos d\u00e9partements<\/li>\n<li><i class=\"fas fa-check-square\"><\/i>R\u00e9parations et remise en \u00e9tat apr\u00e8s accident<\/li>\n<li><i class=\"fas fa-check-square\"><\/i>Installations et am\u00e9nagements de toutes sortes<\/li>\n<li><i class=\"fas fa-check-square\"><\/i>Contr\u00f4le technique allemand (T\u00dcV) et v\u00e9rification de l\u2019installation de gaz pour caravanes et v\u00e9hicules am\u00e9nag\u00e9s<\/li>\n<li><i class=\"fas fa-check-square\"><\/i>Salons organis\u00e9s r\u00e9guli\u00e8rement avec de nombreuses informations, service de restauration et offres exceptionnelles<\/li>\n<li><i class=\"fas fa-check-square\"><\/i>Offres et assistance pour la recherche d\u2019assurances sp\u00e9cialis\u00e9es pour les caravanes et v\u00e9hicules am\u00e9nag\u00e9s<\/li>\n<\/ul>\n    <\/div>\r\n    [\/vc_column][\/vc_row]<\/p>\n<\/div>","protected":false},"excerpt":{"rendered":"<p>[vc_row][vc_column][vc_single_image image=\u00a0\u00bb12142&Prime; img_size=\u00a0\u00bbfull\u00a0\u00bb][\/vc_column][\/vc_row][vc_row tz_row_type=\u00a0\u00bbgrid\u00a0\u00bb css=\u00a0\u00bb.vc_custom_1529583015880{margin-top: -20px !important;padding-bottom: 80px !important;}\u00a0\u00bb][vc_column width=\u00a0\u00bb1\/2&Prime;][\/vc_column][vc_column width=\u00a0\u00bb1\/2&Prime;][\/vc_column][\/vc_row][vc_row tz_row_type=\u00a0\u00bbgrid\u00a0\u00bb][vc_column width=\u00a0\u00bb1\/2&Prime;][\/vc_column][vc_column width=\u00a0\u00bb1\/2&Prime;][\/vc_column][\/vc_row]<\/p>\n","protected":false},"author":1,"featured_media":0,"parent":0,"menu_order":0,"comment_status":"closed","ping_status":"closed","template":"","meta":{"footnotes":""},"class_list":["post-16649","page","type-page","status-publish","hentry"],"_links":{"self":[{"href":"https:\/\/www.wohnwagen-vogt.de\/fr\/wp-json\/wp\/v2\/pages\/16649","targetHints":{"allow":["GET"]}}],"collection":[{"href":"https:\/\/www.wohnwagen-vogt.de\/fr\/wp-json\/wp\/v2\/pages"}],"about":[{"href":"https:\/\/www.wohnwagen-vogt.de\/fr\/wp-json\/wp\/v2\/types\/page"}],"author":[{"embeddable":true,"href":"https:\/\/www.wohnwagen-vogt.de\/fr\/wp-json\/wp\/v2\/users\/1"}],"replies":[{"embeddable":true,"href":"https:\/\/www.wohnwagen-vogt.de\/fr\/wp-json\/wp\/v2\/comments?post=16649"}],"version-history":[{"count":5,"href":"https:\/\/www.wohnwagen-vogt.de\/fr\/wp-json\/wp\/v2\/pages\/16649\/revisions"}],"predecessor-version":[{"id":16673,"href":"https:\/\/www.wohnwagen-vogt.de\/fr\/wp-json\/wp\/v2\/pages\/16649\/revisions\/16673"}],"wp:attachment":[{"href":"https:\/\/www.wohnwagen-vogt.de\/fr\/wp-json\/wp\/v2\/media?parent=16649"}],"curies":[{"name":"wp","href":"https:\/\/api.w.org\/{rel}","templated":true}]}}