{"id":16654,"date":"2017-04-04T13:18:55","date_gmt":"2017-04-04T11:18:55","guid":{"rendered":"https:\/\/www.wohnwagen-vogt.de\/mietfahrzeuge\/"},"modified":"2025-01-23T12:18:48","modified_gmt":"2025-01-23T11:18:48","slug":"mietfahrzeuge","status":"publish","type":"page","link":"https:\/\/www.wohnwagen-vogt.de\/fr\/mietfahrzeuge\/","title":{"rendered":"V\u00e9hicules de location"},"content":{"rendered":"<div class=\"wpb-content-wrapper\"><p>[vc_row css=\u00a0\u00bb.vc_custom_1529917582479{margin-top: -20px !important;margin-bottom: 40px !important;}\u00a0\u00bb][vc_column]    <div class=\"autoshowroom-title  autoshowroom-title-center\">\r\n                    <h2 class=\"AutoshowroomTitle\"            >\r\n                R\u00e9servez d\u00e8s maintenant vos vacances de r\u00eave !            <\/h2>\r\n                    <p>\r\n        Exp\u00e9rimentez la plus belle forme d\u2019ind\u00e9pendance et la joie de vivre \u00e0 l\u2019\u00e9tat pur, loin de l\u2019agitation et du stress du quotidien, dans un monde o\u00f9 de multiples d\u00e9couvertes vous attendent. Les vacances sont toujours synonymes de libert\u00e9. Cette libert\u00e9, Wohnwagen Vogt vous la fait voir sous un jour nouveau. Laissez-vous porter&#8230;        <\/p>\r\n                 <\/div>\r\n    [\/vc_column][\/vc_row][vc_row css=\u00a0\u00bb.vc_custom_1578048934052{margin-top: 30px !important;}\u00a0\u00bb][vc_column width=\u00a0\u00bb1\/2&Prime;][vc_btn title=\u00a0\u00bb<strong>Choisir un camping-car \u00e0 louer<\/strong>\u00a0\u00bb style=\u00a0\u00bbcustom\u00a0\u00bb custom_background=\u00a0\u00bb#e3051a\u00a0\u00bb custom_text=\u00a0\u00bb#ffffff\u00a0\u00bb shape=\u00a0\u00bbsquare\u00a0\u00bb size=\u00a0\u00bblg\u00a0\u00bb align=\u00a0\u00bbcenter\u00a0\u00bb button_block=\u00a0\u00bbtrue\u00a0\u00bb link=\u00a0\u00bburl:https%3A%2F%2Fautovermietung.adac.de%2Fwohnmobile%2Fcheckout%2F%3Fstation%3D172620741%23%2Ffahrzeugauswahl||target:%20_blank|\u00a0\u00bb][\/vc_column][vc_column width=\u00a0\u00bb1\/2&Prime;][vc_btn title=\u00a0\u00bb<strong>Choisir une caravane \u00e0 louer<\/strong>\u00a0\u00bb style=\u00a0\u00bbcustom\u00a0\u00bb custom_background=\u00a0\u00bb#e3051a\u00a0\u00bb custom_text=\u00a0\u00bb#ffffff\u00a0\u00bb shape=\u00a0\u00bbsquare\u00a0\u00bb size=\u00a0\u00bblg\u00a0\u00bb align=\u00a0\u00bbcenter\u00a0\u00bb button_block=\u00a0\u00bbtrue\u00a0\u00bb link=\u00a0\u00bburl:https%3A%2F%2Fautovermietung.adac.de%2Fwohnwagen%2Fcheckout%2F%3Fstation%3D172620741%23%2Ffahrzeugauswahl||target:%20_blank|\u00a0\u00bb][\/vc_column][\/vc_row][vc_row][vc_column][vc_column_text]<\/p>\n<h3 style=\"text-align: center;\">Choisissez parmi de nombreux v\u00e9hicules de location, tels que<\/h3>\n<p>[\/vc_column_text][\/vc_column][\/vc_row][vc_row tz_row_type=\u00a0\u00bbgrid\u00a0\u00bb css=\u00a0\u00bb.vc_custom_1528204137948{padding-top: 45px !important;padding-bottom: 60px !important;background-color: #ffffff !important;}\u00a0\u00bb][vc_column width=\u00a0\u00bb1\/3&Prime;][vc_single_image image=\u00a0\u00bb12064&Prime; img_size=\u00a0\u00bbfull\u00a0\u00bb alignment=\u00a0\u00bbcenter\u00a0\u00bb css=\u00a0\u00bb.vc_custom_1528202713910{margin-bottom: 10px !important;}\u00a0\u00bb]    <div class=\"autoshowroom-our-process noicon_center\">\r\n                \r\n                    <h3 class=\"autoshowroom-name-process\" >\r\n                Caravane Knaus<\/h3>\r\n                                <p class=\"autoshowroom-description-process\">\r\n                Vous souhaitez partir en vacances en voiture\u00a0? Alors nos caravanes sont exactement ce dont vous avez besoin. Cette caravane offre 4 \u00e0 5\u00a0places de couchage et peut \u00eatre lou\u00e9e \u00e0 un prix tr\u00e8s int\u00e9ressant.            <\/p>\r\n            \r\n            <\/div>\r\n    [\/vc_column][vc_column width=\u00a0\u00bb1\/3&Prime;][vc_single_image image=\u00a0\u00bb12066&Prime; img_size=\u00a0\u00bbfull\u00a0\u00bb alignment=\u00a0\u00bbcenter\u00a0\u00bb css=\u00a0\u00bb.vc_custom_1528203008963{margin-bottom: 10px !important;}\u00a0\u00bb]    <div class=\"autoshowroom-our-process noicon_center\">\r\n                \r\n                    <h3 class=\"autoshowroom-name-process\" >\r\n                Carado T 348 avec lit pavillon<\/h3>\r\n                                <p class=\"autoshowroom-description-process\">\r\n                R\u00e9alisez votre r\u00eave de voyager libre de toute contrainte gr\u00e2ce \u00e0 l\u2019un de nos v\u00e9hicules am\u00e9nag\u00e9s\u00a0! Le Carado T\u00a0348 offre 4\u00a0places de couchage et un grand confort.            <\/p>\r\n            \r\n            <\/div>\r\n    [\/vc_column][vc_column width=\u00a0\u00bb1\/3&Prime;][vc_single_image image=\u00a0\u00bb12168&Prime; img_size=\u00a0\u00bbfull\u00a0\u00bb alignment=\u00a0\u00bbcenter\u00a0\u00bb css=\u00a0\u00bb.vc_custom_1530006353872{margin-bottom: 10px !important;}\u00a0\u00bb]    <div class=\"autoshowroom-our-process noicon_center\">\r\n                \r\n                    <h3 class=\"autoshowroom-name-process\" >\r\n                Carado A 464<\/h3>\r\n                                <p class=\"autoshowroom-description-process\">\r\n                Assurez-vous d\u2019\u00eatre parfaitement \u00e9quip\u00e9 pour votre prochain voyage\u00a0! Le Carado A\u00a0464 offre jusqu\u2019\u00e0 6\u00a0places de couchage.            <\/p>\r\n            \r\n            <\/div>\r\n    [\/vc_column][\/vc_row][vc_row css=\u00a0\u00bb.vc_custom_1529653140941{margin-top: 30px !important;}\u00a0\u00bb][vc_column width=\u00a0\u00bb1\/4&Prime;][vc_empty_space height=\u00a0\u00bb1px\u00a0\u00bb][\/vc_column][vc_column width=\u00a0\u00bb1\/2&Prime;][vc_column_text css=\u00a0\u00bb.vc_custom_1737631126417{margin-bottom: 0px !important;}\u00a0\u00bb]<a href=\"https:\/\/www.wohnwagen-vogt.de\/wp-content\/uploads\/2025\/01\/vermietung-wohnwagen-reisemobile-2025.pdf\" class=\"pdfemb-viewer\" style=\"\" data-width=\"max\" data-height=\"max\" data-toolbar=\"bottom\" data-toolbar-fixed=\"off\">vermietung-wohnwagen-reisemobile-2025<\/a>[\/vc_column_text][vc_btn title=\u00a0\u00bbLocation de camping-cars et caravanes 2025 (t\u00e9l\u00e9chargement PDF)\u00a0\u00bb style=\u00a0\u00bbcustom\u00a0\u00bb custom_background=\u00a0\u00bb#e3051a\u00a0\u00bb custom_text=\u00a0\u00bb#ffffff\u00a0\u00bb shape=\u00a0\u00bbsquare\u00a0\u00bb size=\u00a0\u00bblg\u00a0\u00bb align=\u00a0\u00bbcenter\u00a0\u00bb button_block=\u00a0\u00bbtrue\u00a0\u00bb link=\u00a0\u00bburl:https%3A%2F%2Fwww.wohnwagen-vogt.de%2Fwp-content%2Fuploads%2F2025%2F01%2Fvermietung-wohnwagen-reisemobile-2025.pdf|target:_blank\u00a0\u00bb css=\u00a0\u00bb.vc_custom_1737631120345{margin-top: 0px !important;}\u00a0\u00bb][\/vc_column][vc_column width=\u00a0\u00bb1\/4&Prime;][vc_empty_space height=\u00a0\u00bb1px\u00a0\u00bb][\/vc_column][\/vc_row]<\/p>\n<\/div>","protected":false},"excerpt":{"rendered":"<p>[vc_row css=\u00a0\u00bb.vc_custom_1529917582479{margin-top: -20px !important;margin-bottom: 40px !important;}\u00a0\u00bb][vc_column][\/vc_column][\/vc_row][vc_row css=\u00a0\u00bb.vc_custom_1578048934052{margin-top: 30px !important;}\u00a0\u00bb][vc_column width=\u00a0\u00bb1\/2&Prime;][vc_btn title=\u00a0\u00bbChoisir un camping-car \u00e0 louer\u00a0\u00bb style=\u00a0\u00bbcustom\u00a0\u00bb custom_background=\u00a0\u00bb#e3051a\u00a0\u00bb custom_text=\u00a0\u00bb#ffffff\u00a0\u00bb shape=\u00a0\u00bbsquare\u00a0\u00bb size=\u00a0\u00bblg\u00a0\u00bb align=\u00a0\u00bbcenter\u00a0\u00bb button_block=\u00a0\u00bbtrue\u00a0\u00bb link=\u00a0\u00bburl:https%3A%2F%2Fautovermietung.adac.de%2Fwohnmobile%2Fcheckout%2F%3Fstation%3D172620741%23%2Ffahrzeugauswahl||target:%20_blank|\u00a0\u00bb][\/vc_column][vc_column width=\u00a0\u00bb1\/2&Prime;][vc_btn title=\u00a0\u00bbChoisir une caravane \u00e0 louer\u00a0\u00bb style=\u00a0\u00bbcustom\u00a0\u00bb custom_background=\u00a0\u00bb#e3051a\u00a0\u00bb custom_text=\u00a0\u00bb#ffffff\u00a0\u00bb shape=\u00a0\u00bbsquare\u00a0\u00bb size=\u00a0\u00bblg\u00a0\u00bb align=\u00a0\u00bbcenter\u00a0\u00bb button_block=\u00a0\u00bbtrue\u00a0\u00bb link=\u00a0\u00bburl:https%3A%2F%2Fautovermietung.adac.de%2Fwohnwagen%2Fcheckout%2F%3Fstation%3D172620741%23%2Ffahrzeugauswahl||target:%20_blank|\u00a0\u00bb][\/vc_column][\/vc_row][vc_row][vc_column][vc_column_text] Choisissez parmi de nombreux v\u00e9hicules de location, tels que [\/vc_column_text][\/vc_column][\/vc_row][vc_row tz_row_type=\u00a0\u00bbgrid\u00a0\u00bb css=\u00a0\u00bb.vc_custom_1528204137948{padding-top: 45px [&hellip;]<\/p>\n","protected":false},"author":1,"featured_media":0,"parent":0,"menu_order":0,"comment_status":"closed","ping_status":"closed","template":"","meta":{"footnotes":""},"class_list":["post-16654","page","type-page","status-publish","hentry"],"_links":{"self":[{"href":"https:\/\/www.wohnwagen-vogt.de\/fr\/wp-json\/wp\/v2\/pages\/16654","targetHints":{"allow":["GET"]}}],"collection":[{"href":"https:\/\/www.wohnwagen-vogt.de\/fr\/wp-json\/wp\/v2\/pages"}],"about":[{"href":"https:\/\/www.wohnwagen-vogt.de\/fr\/wp-json\/wp\/v2\/types\/page"}],"author":[{"embeddable":true,"href":"https:\/\/www.wohnwagen-vogt.de\/fr\/wp-json\/wp\/v2\/users\/1"}],"replies":[{"embeddable":true,"href":"https:\/\/www.wohnwagen-vogt.de\/fr\/wp-json\/wp\/v2\/comments?post=16654"}],"version-history":[{"count":6,"href":"https:\/\/www.wohnwagen-vogt.de\/fr\/wp-json\/wp\/v2\/pages\/16654\/revisions"}],"predecessor-version":[{"id":26427,"href":"https:\/\/www.wohnwagen-vogt.de\/fr\/wp-json\/wp\/v2\/pages\/16654\/revisions\/26427"}],"wp:attachment":[{"href":"https:\/\/www.wohnwagen-vogt.de\/fr\/wp-json\/wp\/v2\/media?parent=16654"}],"curies":[{"name":"wp","href":"https:\/\/api.w.org\/{rel}","templated":true}]}}