{"id":16682,"date":"2018-06-21T14:13:44","date_gmt":"2018-06-21T12:13:44","guid":{"rendered":"https:\/\/www.wohnwagen-vogt.de\/werkstatt\/"},"modified":"2023-03-14T13:08:22","modified_gmt":"2023-03-14T12:08:22","slug":"werkstatt","status":"publish","type":"page","link":"https:\/\/www.wohnwagen-vogt.de\/fr\/werkstatt\/","title":{"rendered":"Garage"},"content":{"rendered":"<div class=\"wpb-content-wrapper\"><p>[vc_row][vc_column][vc_single_image image=\u00a0\u00bb12114&Prime; img_size=\u00a0\u00bbfull\u00a0\u00bb alignment=\u00a0\u00bbcenter\u00a0\u00bb][\/vc_column][\/vc_row][vc_row tz_row_type=\u00a0\u00bbgrid\u00a0\u00bb css=\u00a0\u00bb.vc_custom_1529583155507{margin-top: -20px !important;padding-top: 0px !important;padding-bottom: 80px !important;}\u00a0\u00bb][vc_column]    <div class=\"autoshowroom-title  autoshowroom-title-center\">\r\n                    <h2 class=\"AutoshowroomTitle\"            >\r\n                R\u00e9paration, remise en \u00e9tat et entretien            <\/h2>\r\n                    <p>\r\n        Nous faisons de votre s\u00e9curit\u00e9 et de votre confort notre priorit\u00e9. Voil\u00e0 pourquoi nous nous appliquons \u00e0 contr\u00f4ler votre v\u00e9hicule en profondeur dans notre centre de service. Gr\u00e2ce \u00e0 son infrastructure technique moderne et ses 15 collaborateurs form\u00e9s continuellement, ce centre compte parmi les meilleurs garages sp\u00e9cialis\u00e9s d\u2019Allemagne.<br \/>\nAvec nos m\u00e9caniciens automobiles dipl\u00f4m\u00e9s, \u00e9lectriciens, menuisiers et plombiers, nous sommes \u00e0 m\u00eame de proposer des r\u00e9parations, des remises en \u00e9tat apr\u00e8s accident ainsi que des installations et am\u00e9nagements de toutes sortes. Dans notre \u00e9tablissement, nous proposons plusieurs cr\u00e9neaux horaires par semaine par effectuer votre contr\u00f4le technique, le contr\u00f4le de vos gaz d\u2019\u00e9chappement ou encore la v\u00e9rification de votre installation de gaz. Bien entendu, notre garage est \u00e9quip\u00e9 de ponts \u00e9l\u00e9vateurs pour charges lourdes, d\u2019un banc d\u2019essai de freins, d\u2019une presse \u00e0 parois lat\u00e9rales et de nombreux autres \u00e9quipements sophistiqu\u00e9s.<\/p>\n<p>Nous effectuons des am\u00e9nagements, des r\u00e9parations, des entretiens et des remises en \u00e9tat. \u00c0 cet effet, nous sommes partenaire de service agr\u00e9\u00e9 pour les marques Truma, Alko, BPW, Dometic, ALDE, Ten-Haaft, Teleco et bien d\u2019autres encore.        <\/p>\r\n                 <\/div>\r\n    [vc_empty_space height=\u00a0\u00bb50px\u00a0\u00bb][vc_column_text css=\u00a0\u00bb.vc_custom_1678795683472{margin-bottom: -50px !important;}\u00a0\u00bb]<\/p>\n<p style=\"text-align: center;\"><strong>Vous avez une demande particuli\u00e8re, des r\u00e9parations \u00e0 effectuer ou un besoin de renseignements ? Utilisez notre formulaire de contact et dites-nous en quoi nous pouvons vous aider.<\/strong><\/p>\n<p>[\/vc_column_text][\/vc_column][\/vc_row][vc_row][vc_column width=\u00a0\u00bb2\/3&Prime;][vc_column_text]\n<div class=\"wpcf7 no-js\" id=\"wpcf7-f16686-o1\" lang=\"fr-FR\" dir=\"ltr\" data-wpcf7-id=\"16686\">\n<div class=\"screen-reader-response\"><p role=\"status\" aria-live=\"polite\" aria-atomic=\"true\"><\/p> <ul><\/ul><\/div>\n<form action=\"\/fr\/wp-json\/wp\/v2\/pages\/16682#wpcf7-f16686-o1\" method=\"post\" class=\"wpcf7-form init wpcf7-acceptance-as-validation\" aria-label=\"Formulaire de contact\" novalidate=\"novalidate\" data-status=\"init\">\n<fieldset class=\"hidden-fields-container\"><input type=\"hidden\" name=\"_wpcf7\" value=\"16686\" \/><input type=\"hidden\" name=\"_wpcf7_version\" value=\"6.1.5\" \/><input type=\"hidden\" name=\"_wpcf7_locale\" value=\"fr_FR\" \/><input type=\"hidden\" name=\"_wpcf7_unit_tag\" value=\"wpcf7-f16686-o1\" \/><input type=\"hidden\" name=\"_wpcf7_container_post\" value=\"0\" \/><input type=\"hidden\" name=\"_wpcf7_posted_data_hash\" value=\"\" \/>\n<\/fieldset>\n<div class=\"row\">\n\t<div class=\"col-lg-6 col-sm-6 col-xs-12\">\n\t\t<p><span class=\"wpcf7-form-control-wrap\" data-name=\"your-name\"><input size=\"40\" maxlength=\"400\" class=\"wpcf7-form-control wpcf7-text wpcf7-validates-as-required\" aria-required=\"true\" aria-invalid=\"false\" placeholder=\"Name\" value=\"\" type=\"text\" name=\"your-name\" \/><\/span>\n\t\t<\/p>\n\t<\/div>\n\t<div class=\"col-lg-6 col-sm-6 col-xs-12\">\n\t\t<p><span class=\"wpcf7-form-control-wrap\" data-name=\"your-email\"><input size=\"40\" maxlength=\"400\" class=\"wpcf7-form-control wpcf7-email wpcf7-validates-as-required wpcf7-text wpcf7-validates-as-email\" aria-required=\"true\" aria-invalid=\"false\" placeholder=\"E-Mail\" value=\"\" type=\"email\" name=\"your-email\" \/><\/span>\n\t\t<\/p>\n\t<\/div>\n<\/div>\n<div class=\"row\">\n\t<div class=\"col-lg-6 col-sm-6 col-xs-12\">\n\t\t<p><span class=\"wpcf7-form-control-wrap\" data-name=\"telefon\"><input size=\"40\" maxlength=\"400\" class=\"wpcf7-form-control wpcf7-tel wpcf7-validates-as-required wpcf7-text wpcf7-validates-as-tel\" aria-required=\"true\" aria-invalid=\"false\" placeholder=\"Telefonnummer\" value=\"\" type=\"tel\" name=\"telefon\" \/><\/span>\n\t\t<\/p>\n\t<\/div>\n\t<div class=\"col-lg-6 col-sm-6 col-xs-12\">\n\t\t<p><span class=\"wpcf7-form-control-wrap\" data-name=\"fahrzeug\"><input size=\"40\" maxlength=\"400\" class=\"wpcf7-form-control wpcf7-text\" aria-invalid=\"false\" placeholder=\"Fahrzeug\" value=\"\" type=\"text\" name=\"fahrzeug\" \/><\/span>\n\t\t<\/p>\n\t<\/div>\n<\/div>\n<div class=\"row\">\n\t<div class=\"col-lg-6 col-sm-6 col-xs-12\">\n\t\t<p><span class=\"wpcf7-form-control-wrap\" data-name=\"baujahr\"><input size=\"40\" maxlength=\"400\" class=\"wpcf7-form-control wpcf7-text\" aria-invalid=\"false\" placeholder=\"Baujahr\" value=\"\" type=\"text\" name=\"baujahr\" \/><\/span>\n\t\t<\/p>\n\t<\/div>\n\t<div class=\"col-lg-6 col-sm-6 col-xs-12\">\n\t\t<p><span class=\"wpcf7-form-control-wrap\" data-name=\"fahrgestellnummer\"><input size=\"40\" maxlength=\"400\" class=\"wpcf7-form-control wpcf7-text\" aria-invalid=\"false\" placeholder=\"Fahrgestellnummer\" value=\"\" type=\"text\" name=\"fahrgestellnummer\" \/><\/span>\n\t\t<\/p>\n\t<\/div>\n<\/div>\n<p><br \/>\n<span class=\"wpcf7-form-control-wrap\" data-name=\"your-message\"><textarea cols=\"40\" rows=\"10\" maxlength=\"2000\" class=\"wpcf7-form-control wpcf7-textarea wpcf7-validates-as-required\" aria-required=\"true\" aria-invalid=\"false\" placeholder=\"Nachricht...\" name=\"your-message\"><\/textarea><\/span>\n<\/p>\n<p><span id=\"wpcf7-69de19bf11aaf-wrapper\" class=\"wpcf7-form-control-wrap adresse-wrap\" style=\"display:none !important; visibility:hidden !important;\"><label for=\"wpcf7-69de19bf11aaf-field\" class=\"hp-message\">Veuillez laisser ce champ vide.<\/label><input id=\"wpcf7-69de19bf11aaf-field\"  class=\"wpcf7-form-control wpcf7-text\" type=\"text\" name=\"adresse\" value=\"\" size=\"40\" tabindex=\"-1\" autocomplete=\"new-password\" \/><\/span>\n<\/p>\n<p><span class=\"wpcf7-form-control-wrap\" data-name=\"your-consent\"><span class=\"wpcf7-form-control wpcf7-acceptance\"><span class=\"wpcf7-list-item\"><label><input type=\"checkbox\" name=\"your-consent\" value=\"1\" aria-invalid=\"false\" \/><span class=\"wpcf7-list-item-label\">Datenschutz<\/span><\/label><\/span><\/span><\/span> Ich habe die <a href=\"http:\/\/www.wohnwagen-vogt.de\/datenschutz\/\" target=\"_blank\">Datenschutzerkl\u00e4rung<\/a> zur Kenntnis genommen. Ich stimme zu, dass meine Angaben zur Kontaktaufnahme und f\u00fcr R\u00fcckfragen dauerhaft gespeichert werden.\n<\/p>\n<p class=\"btn btn-color\"><input class=\"wpcf7-form-control wpcf7-submit has-spinner\" type=\"submit\" value=\"Senden\" \/>\n<\/p><input type='hidden' class='wpcf7-pum' value='{\"closepopup\":false,\"closedelay\":0,\"openpopup\":false,\"openpopup_id\":0}' \/><div class=\"wpcf7-response-output\" aria-hidden=\"true\"><\/div>\n<\/form>\n<\/div>\n[\/vc_column_text][\/vc_column][vc_column width=\u00a0\u00bb1\/3&Prime;][vc_single_image image=\u00a0\u00bb12110&Prime; img_size=\u00a0\u00bbfull\u00a0\u00bb alignment=\u00a0\u00bbcenter\u00a0\u00bb][vc_single_image image=\u00a0\u00bb12112&Prime; img_size=\u00a0\u00bbfull\u00a0\u00bb alignment=\u00a0\u00bbcenter\u00a0\u00bb][\/vc_column][\/vc_row]<\/p>\n<\/div>","protected":false},"excerpt":{"rendered":"<p>[vc_row][vc_column][vc_single_image image=\u00a0\u00bb12114&Prime; img_size=\u00a0\u00bbfull\u00a0\u00bb alignment=\u00a0\u00bbcenter\u00a0\u00bb][\/vc_column][\/vc_row][vc_row tz_row_type=\u00a0\u00bbgrid\u00a0\u00bb css=\u00a0\u00bb.vc_custom_1529583155507{margin-top: -20px !important;padding-top: 0px !important;padding-bottom: 80px !important;}\u00a0\u00bb][vc_column][vc_empty_space height=\u00a0\u00bb50px\u00a0\u00bb][vc_column_text css=\u00a0\u00bb.vc_custom_1678795683472{margin-bottom: -50px !important;}\u00a0\u00bb] Vous avez une demande particuli\u00e8re, des r\u00e9parations \u00e0 effectuer ou un besoin de renseignements ? Utilisez notre formulaire de contact et dites-nous en quoi nous pouvons vous aider. [\/vc_column_text][\/vc_column][\/vc_row][vc_row][vc_column width=\u00a0\u00bb2\/3&Prime;][vc_column_text][\/vc_column_text][\/vc_column][vc_column width=\u00a0\u00bb1\/3&Prime;][vc_single_image image=\u00a0\u00bb12110&Prime; img_size=\u00a0\u00bbfull\u00a0\u00bb alignment=\u00a0\u00bbcenter\u00a0\u00bb][vc_single_image [&hellip;]<\/p>\n","protected":false},"author":1,"featured_media":0,"parent":0,"menu_order":0,"comment_status":"closed","ping_status":"closed","template":"","meta":{"footnotes":""},"class_list":["post-16682","page","type-page","status-publish","hentry"],"_links":{"self":[{"href":"https:\/\/www.wohnwagen-vogt.de\/fr\/wp-json\/wp\/v2\/pages\/16682","targetHints":{"allow":["GET"]}}],"collection":[{"href":"https:\/\/www.wohnwagen-vogt.de\/fr\/wp-json\/wp\/v2\/pages"}],"about":[{"href":"https:\/\/www.wohnwagen-vogt.de\/fr\/wp-json\/wp\/v2\/types\/page"}],"author":[{"embeddable":true,"href":"https:\/\/www.wohnwagen-vogt.de\/fr\/wp-json\/wp\/v2\/users\/1"}],"replies":[{"embeddable":true,"href":"https:\/\/www.wohnwagen-vogt.de\/fr\/wp-json\/wp\/v2\/comments?post=16682"}],"version-history":[{"count":3,"href":"https:\/\/www.wohnwagen-vogt.de\/fr\/wp-json\/wp\/v2\/pages\/16682\/revisions"}],"predecessor-version":[{"id":16685,"href":"https:\/\/www.wohnwagen-vogt.de\/fr\/wp-json\/wp\/v2\/pages\/16682\/revisions\/16685"}],"wp:attachment":[{"href":"https:\/\/www.wohnwagen-vogt.de\/fr\/wp-json\/wp\/v2\/media?parent=16682"}],"curies":[{"name":"wp","href":"https:\/\/api.w.org\/{rel}","templated":true}]}}