{"id":16687,"date":"2018-06-25T16:18:13","date_gmt":"2018-06-25T14:18:13","guid":{"rendered":"https:\/\/www.wohnwagen-vogt.de\/kontakt\/"},"modified":"2026-02-27T16:14:57","modified_gmt":"2026-02-27T15:14:57","slug":"kontakt","status":"publish","type":"page","link":"https:\/\/www.wohnwagen-vogt.de\/fr\/kontakt\/","title":{"rendered":"Contact"},"content":{"rendered":"<div class=\"wpb-content-wrapper\"><p>[vc_row tz_row_type=\u00a0\u00bbgrid\u00a0\u00bb css=\u00a0\u00bb.vc_custom_1529936861059{margin-bottom: 0px !important;padding-top: -20px !important;padding-right: -20px !important;padding-left: -20px !important;background-color: #ffffff !important;}\u00a0\u00bb][vc_column][vc_column_text css=\u00a0\u00bb\u00a0\u00bb] <\/p>\n<div class=\"brlbs-cmpnt-container brlbs-cmpnt-content-blocker brlbs-cmpnt-with-individual-styles\" data-borlabs-cookie-content-blocker-id=\"google-maps\" data-borlabs-cookie-content=\"PGlmcmFtZSBzdHlsZT0iYm9yZGVyOiAwOyIgdGl0bGU9Ikdvb2dsZSBNYXBzIEthcnRlIG1pdCBkZW0gU3RhbmRvcnQgdm9uIFdvaG53YWdlbiBWb2d0IEdtYkgiIHNyYz0iaHR0cHM6Ly93d3cuZ29vZ2xlLmNvbS9tYXBzL2VtYmVkP3BiPSExbTE4ITFtMTIhMW0zITFkMjYwNC45MTMyODUzMTAzMTUhMmQ2Ljk0MDM5NTE1OTA2ODk1OSEzZDQ5LjI0MDEzMzI0NTIyNDUzNCEybTMhMWYwITJmMCEzZjAhM20yITFpMTAyNCEyaTc2OCE0ZjEzLjEhM20zITFtMiExczB4NDc5NWIxN2RkNjE3NDhkNyUzQTB4MjRhMzQ5MWVhNWFiYmUwMiEyc1dvaG53YWdlbitWb2d0K0dtYkghNWUwITNtMiExc2RlITJzZGUhNHYxNDkxMzAzMDEzMzkwIiB3aWR0aD0iMTAwJSIgaGVpZ2h0PSI0NTAiIGZyYW1lYm9yZGVyPSIwIiBhbGxvd2Z1bGxzY3JlZW49ImFsbG93ZnVsbHNjcmVlbiI+DQo8L2lmcmFtZT4=\">\n<div class=\"brlbs-cmpnt-cb-preset-b brlbs-cmpnt-cb-google-maps\">\n<div class=\"brlbs-cmpnt-cb-thumbnail\" style=\"background-image: url('https:\/\/www.wohnwagen-vogt.de\/wp-content\/uploads\/borlabs-cookie\/1\/brlbs-cb-google-maps-main.png')\"><\/div>\n<div class=\"brlbs-cmpnt-cb-main\">\n<div class=\"brlbs-cmpnt-cb-content\">\n<p class=\"brlbs-cmpnt-cb-description\">Vous \u00eates actuellement en train de consulter le contenu d&rsquo;un espace r\u00e9serv\u00e9 de <strong>Google Maps<\/strong>. Pour acc\u00e9der au contenu r\u00e9el, cliquez sur le bouton ci-dessous. Veuillez noter que ce faisant, des donn\u00e9es seront partag\u00e9es avec des providers tiers.<\/p>\n<p> <a class=\"brlbs-cmpnt-cb-provider-toggle\" href=\"#\" data-borlabs-cookie-show-provider-information role=\"button\">Plus d&rsquo;informations<\/a> <\/div>\n<div class=\"brlbs-cmpnt-cb-buttons\"> <a class=\"brlbs-cmpnt-cb-btn\" href=\"#\" data-borlabs-cookie-unblock role=\"button\">D\u00e9bloquer le contenu<\/a> <a class=\"brlbs-cmpnt-cb-btn\" href=\"#\" data-borlabs-cookie-accept-service role=\"button\" style=\"display: inherit\">Accepter le service requis et d\u00e9bloquer les contenus<\/a> <\/div><\/div><\/div>\n<\/div>\n<p>[\/vc_column_text][\/vc_column][\/vc_row][vc_row css=\u00a0\u00bb.vc_custom_1529936599716{background-color: #ffffff !important;}\u00a0\u00bb][vc_column width=\u00a0\u00bb1\/3&Prime; el_class=\u00a0\u00bbkontakt-block\u00a0\u00bb][vc_single_image image=\u00a0\u00bb12054&Prime; img_size=\u00a0\u00bbfull\u00a0\u00bb alignment=\u00a0\u00bbcenter\u00a0\u00bb css=\u00a0\u00bb.vc_custom_1529936453427{padding-top: 15px !important;padding-right: 15px !important;padding-bottom: 15px !important;padding-left: 15px !important;background-color: #ffffff !important;}\u00a0\u00bb el_class=\u00a0\u00bbkontaktbild\u00a0\u00bb][vc_raw_html css=\u00a0\u00bb.vc_custom_1772205294398{padding-top: 20px !important;padding-right: 24px !important;padding-bottom: 25px !important;padding-left: 24px !important;background-color: #f4f5f8 !important;}\u00a0\u00bb el_class=\u00a0\u00bbkontakttabelle\u00a0\u00bb]JTNDdGFibGUlMjBzdHlsZSUzRCUyMndpZHRoJTNBJTIwMTAwJTI1JTNCJTIyJTNFJTBBJTNDdGJvZHklM0UlMEElM0N0ciUzRSUwQSUzQ3RkJTNFJTNDaSUyMGNsYXNzJTNEJTIyZmElMjBmYS1tYXAtbWFya2VyJTIyJTNFJTNDJTJGaSUzRSUzQyUyRnRkJTNFJTBBJTNDdGQlM0UlM0NzcGFuJTIwc3R5bGUlM0QlMjJmb250LXNpemUlM0ElMjAxM3B4JTNCJTIyJTNFS29ibGVuemVyJTIwU3RyYSVDMyU5RmUlMjA1MyUyQyUyMDY2MTE1JTIwU2FhcmJyJUMzJUJDY2tlbiUzQyUyRnNwYW4lM0UlM0MlMkZ0ZCUzRSUwQSUzQyUyRnRyJTNFJTBBJTNDdHIlM0UlMEElM0N0ZCUzRSUzQ2klMjBjbGFzcyUzRCUyMmZhJTIwZmEtcGhvbmUlMjIlM0UlM0MlMkZpJTNFJTNDJTJGdGQlM0UlMEElM0N0ZCUzRSUzQ3NwYW4lMjBzdHlsZSUzRCUyMmZvbnQtc2l6ZSUzQSUyMDEzcHglM0IlMjIlM0UlM0NzdHJvbmclM0VDZW50cmFsZSUyMCUzQSUzQyUyRnN0cm9uZyUzRSUyMCUyQjQ5JTIwJTI4MCUyOSUyMDY4MS05OTI4OC0wJTNDJTJGc3BhbiUzRSUzQ2JyJTNFJTBBJTNDc3BhbiUyMHN0eWxlJTNEJTIyZm9udC1zaXplJTNBJTIwMTNweCUzQiUyMiUzRSUzQ3N0cm9uZyUzRVZlbnRlJTIwJTNBJTNDJTJGc3Ryb25nJTNFJTIwJTJCNDklMjAlMjgwJTI5JTIwNjgxLTk5Mjg4LTEwJTNDJTJGc3BhbiUzRSUzQ2JyJTNFJTBBJTNDc3BhbiUyMHN0eWxlJTNEJTIyZm9udC1zaXplJTNBJTIwMTNweCUzQiUyMiUzRSUzQ3N0cm9uZyUzRUxvY2F0aW9uJTIwJTNBJTNDJTJGc3Ryb25nJTNFJTIwJTJCNDklMjAlMjgwJTI5JTIwNjgxLTk5Mjg4LTI4JTNDJTJGc3BhbiUzRSUzQ2JyJTNFJTBBJTNDc3BhbiUyMHN0eWxlJTNEJTIyZm9udC1zaXplJTNBJTIwMTNweCUzQiUyMiUzRSUzQ3N0cm9uZyUzRUFjY2Vzc29pcmVzJTJGUGklQzMlQThjZXMlMjBkZSUyMHJlY2hhbmdlJTIwJTNBJTNDJTJGc3Ryb25nJTNFJTIwJTJCNDklMjAlMjgwJTI5JTIwNjgxLTk5Mjg4LTMwJTNDJTJGc3BhbiUzRSUzQ2JyJTNFJTBBJTNDc3BhbiUyMHN0eWxlJTNEJTIyZm9udC1zaXplJTNBJTIwMTNweCUzQiUyMiUzRSUzQ3N0cm9uZyUzRUdhcmFnZSUyMCUzQSUzQyUyRnN0cm9uZyUzRSUyMCUyQjQ5JTIwJTI4MCUyOSUyMDY4MS05OTI4OC01MCUzQyUyRnNwYW4lM0UlM0MlMkZ0ZCUzRSUwQSUzQyUyRnRyJTNFJTBBJTNDdHIlM0UlMEElM0N0ZCUzRSUzQ2klMjBjbGFzcyUzRCUyMmZhcyUyMGZhLWVudmVsb3BlJTIyJTNFJTNDJTJGaSUzRSUzQyUyRnRkJTNFJTBBJTNDdGQlM0UlM0NzcGFuJTIwc3R5bGUlM0QlMjJmb250LXNpemUlM0ElMjAxM3B4JTIxaW1wb3J0YW50JTNCJTIyJTNFJTNDYSUyMGhyZWYlM0QlMjJtYWlsdG8lM0FpbmZvJTQwd29obndhZ2VuLXZvZ3QuZGUlMjIlM0UlM0NzdHJvbmclMjBzdHlsZSUzRCUyMmNvbG9yJTNBJTIzNTY1NjU2JTNCJTIyJTNFaW5mbyU0MHdvaG53YWdlbi12b2d0LmRlJTNDJTJGc3Ryb25nJTNFJTNDJTJGYSUzRSUzQyUyRnNwYW4lM0UlM0MlMkZ0ZCUzRSUwQSUzQyUyRnRyJTNFJTBBJTNDdHIlM0UlMEElM0N0ZCUzRSUzQ2klMjBjbGFzcyUzRCUyMmZhcyUyMGZhLWNsb2NrJTIyJTNFJTNDJTJGaSUzRSUzQyUyRnRkJTNFJTBBJTNDdGQlM0UlM0NzcGFuJTIwc3R5bGUlM0QlMjJmb250LXNpemUlM0ElMjAxM3B4JTNCJTIyJTNFJTNDc3Ryb25nJTNFSG9yYWlyZXMlMjBkJUUyJTgwJTk5b3V2ZXJ0dXJlJTNDJTJGc3Ryb25nJTNFJTNDJTJGc3BhbiUzRSUzQ2JyJTNFJTBBJTNDc3BhbiUyMHN0eWxlJTNEJTIyZm9udC1zaXplJTNBJTIwMTNweCUzQiUyMiUzRUx1bi1WZW4lMjAlM0ElMjAwOGgzMCUyMC0lMjAxOGgwMCUzQyUyRnNwYW4lM0UlM0NiciUzRSUwQSUzQ3NwYW4lMjBzdHlsZSUzRCUyMmZvbnQtc2l6ZSUzQSUyMDEzcHglM0IlMjIlM0VTYW0lMjAlM0ElMjAwOGgzMCUyMC0lMjAxM2gwMCUzQyUyRnNwYW4lM0UlM0MlMkZ0ZCUzRSUwQSUzQyUyRnRyJTNFJTBBJTNDJTJGdGJvZHklM0UlMEElM0MlMkZ0YWJsZSUzRSUwQSUwQSUzQ2RpdiUyMHN0eWxlJTNEJTIybWFyZ2luLXRvcCUzQSUyMDIwcHglM0IlMjIlM0UlMEElM0NhJTIwJTBBJTIwJTIwaHJlZiUzRCUyMmh0dHBzJTNBJTJGJTJGd3d3LmZhY2Vib29rLmNvbSUyRndvaG53YWdlbi52b2d0JTJGJTIyJTIwJTBBJTIwJTIwdGFyZ2V0JTNEJTIyX2JsYW5rJTIyJTIwJTBBJTIwJTIwcmVsJTNEJTIybm9vcGVuZXIlMjBub3JlZmVycmVyJTIyJTIwJTBBJTIwJTIwYXJpYS1sYWJlbCUzRCUyMkZhY2Vib29rJTIyJTIwJTBBJTIwJTIwdGl0bGUlM0QlMjJGYWNlYm9vayUyMiUyMCUwQSUyMCUyMHN0eWxlJTNEJTIydGV4dC1kZWNvcmF0aW9uJTNBJTIwbm9uZSUzQiUyMG1hcmdpbi1yaWdodCUzQSUyMDE1cHglM0IlMjIlMEElM0UlMEElMjAlMjAlM0NpJTIwY2xhc3MlM0QlMjJmYWIlMjBmYS1mYWNlYm9vayUyMiUyMHN0eWxlJTNEJTIyZm9udC1zaXplJTNBJTIwMTdweCUzQiUyMGNvbG9yJTNBJTIwJTIzNTY1NjU4JTNCJTIyJTIwYXJpYS1oaWRkZW4lM0QlMjJ0cnVlJTIyJTNFJTNDJTJGaSUzRSUwQSUzQyUyRmElM0UlMEElMjAlMjAlM0NhJTIwaHJlZiUzRCUyMmh0dHBzJTNBJTJGJTJGd3d3Lmluc3RhZ3JhbS5jb20lMkZ3b2hud2FnZW5fdm9ndCUyRiUyMiUyMHRhcmdldCUzRCUyMl9ibGFuayUyMiUyMHN0eWxlJTNEJTIydGV4dC1kZWNvcmF0aW9uJTNBJTIwbm9uZSUzQiUyMG1hcmdpbi1yaWdodCUzQSUyMDE1cHglM0IlMjIlM0UlMEElMjAlMjAlMjAlMjAlM0NpJTIwY2xhc3MlM0QlMjJmYWIlMjBmYS1pbnN0YWdyYW0lMjIlMjBzdHlsZSUzRCUyMmZvbnQtc2l6ZSUzQSUyMDE3cHglM0IlMjBjb2xvciUzQSUyMCUyMzU2NTY1OCUzQiUyMiUzRSUzQyUyRmklM0UlMEElMjAlMjAlM0MlMkZhJTNFJTBBJTIwJTIwJTNDYSUyMGhyZWYlM0QlMjJodHRwcyUzQSUyRiUyRnd3dy55b3V0dWJlLmNvbSUyRiU0MFdvaG53YWdlblZvZ3RUViUyMiUyMHRhcmdldCUzRCUyMl9ibGFuayUyMiUyMHN0eWxlJTNEJTIydGV4dC1kZWNvcmF0aW9uJTNBJTIwbm9uZSUzQiUyMiUzRSUwQSUyMCUyMCUyMCUyMCUzQ2klMjBjbGFzcyUzRCUyMmZhYiUyMGZhLXlvdXR1YmUlMjIlMjBzdHlsZSUzRCUyMmZvbnQtc2l6ZSUzQSUyMDE3cHglM0IlMjBjb2xvciUzQSUyMCUyMzU2NTY1OCUzQiUyMiUzRSUzQyUyRmklM0UlMEElMjAlMjAlM0MlMkZhJTNFJTBBJTNDJTJGZGl2JTNF[\/vc_raw_html][\/vc_column][vc_column width=\u00a0\u00bb2\/3&Prime;]    <div class=\"autoshowroom-title  autoshowroom-title-left\">\r\n                    <h2 class=\"AutoshowroomTitle\"            >\r\n                Contact            <\/h2>\r\n                    <p>\r\n        Vous avez des questions \u00e0 propos de nos v\u00e9hicules ou toute autre demande \u00e0 nous faire parvenir\u00a0? \u00c9crivez-nous\u00a0! Nous nous tenons \u00e0 votre disposition.        <\/p>\r\n                 <\/div>\r\n    [vc_column_text]\n<div class=\"wpcf7 no-js\" id=\"wpcf7-f16692-o1\" lang=\"fr-FR\" dir=\"ltr\" data-wpcf7-id=\"16692\">\n<div class=\"screen-reader-response\"><p role=\"status\" aria-live=\"polite\" aria-atomic=\"true\"><\/p> <ul><\/ul><\/div>\n<form action=\"\/fr\/wp-json\/wp\/v2\/pages\/16687#wpcf7-f16692-o1\" method=\"post\" class=\"wpcf7-form init wpcf7-acceptance-as-validation\" aria-label=\"Formulaire de contact\" novalidate=\"novalidate\" data-status=\"init\">\n<fieldset class=\"hidden-fields-container\"><input type=\"hidden\" name=\"_wpcf7\" value=\"16692\" \/><input type=\"hidden\" name=\"_wpcf7_version\" value=\"6.1.5\" \/><input type=\"hidden\" name=\"_wpcf7_locale\" value=\"fr_FR\" \/><input type=\"hidden\" name=\"_wpcf7_unit_tag\" value=\"wpcf7-f16692-o1\" \/><input type=\"hidden\" name=\"_wpcf7_container_post\" value=\"0\" \/><input type=\"hidden\" name=\"_wpcf7_posted_data_hash\" value=\"\" \/>\n<\/fieldset>\n<p><label for=\"anrede\">Anrede:<\/label><span class=\"wpcf7-form-control-wrap\" data-name=\"anrede\"><select class=\"wpcf7-form-control wpcf7-select wpcf7-validates-as-required\" id=\"anrede\" aria-required=\"true\" aria-invalid=\"false\" name=\"anrede\"><option value=\"Frau\">Frau<\/option><option value=\"Herr\">Herr<\/option><option value=\"sonstiges \/ keine Angabe\">sonstiges \/ keine Angabe<\/option><\/select><\/span>\n<\/p>\n<div class=\"row\">\n\t<div class=\"col-lg-6 col-sm-6 col-xs-12\">\n\t\t<p><label for=\"vorname\" class=\"sr-only\">Vorname<\/label><span class=\"wpcf7-form-control-wrap\" data-name=\"vorname\"><input size=\"40\" maxlength=\"400\" class=\"wpcf7-form-control wpcf7-text wpcf7-validates-as-required\" id=\"vorname\" aria-required=\"true\" aria-invalid=\"false\" placeholder=\"Vorname\" value=\"\" type=\"text\" name=\"vorname\" \/><\/span>\n\t\t<\/p>\n\t<\/div>\n\t<div class=\"col-lg-6 col-sm-6 col-xs-12\">\n\t\t<p><label for=\"nachname\" class=\"sr-only\">Nachname<\/label><span class=\"wpcf7-form-control-wrap\" data-name=\"nachname\"><input size=\"40\" maxlength=\"400\" class=\"wpcf7-form-control wpcf7-text wpcf7-validates-as-required\" id=\"nachname\" aria-required=\"true\" aria-invalid=\"false\" placeholder=\"Nachname\" value=\"\" type=\"text\" name=\"nachname\" \/><\/span>\n\t\t<\/p>\n\t<\/div>\n<\/div>\n<div class=\"row\">\n\t<div class=\"col-lg-6 col-sm-6 col-xs-12\">\n\t\t<p><label for=\"your-email\" class=\"sr-only\">E-Mail<\/label><span class=\"wpcf7-form-control-wrap\" data-name=\"your-email\"><input size=\"40\" maxlength=\"400\" class=\"wpcf7-form-control wpcf7-email wpcf7-validates-as-required wpcf7-text wpcf7-validates-as-email\" id=\"your-email\" aria-required=\"true\" aria-invalid=\"false\" placeholder=\"E-Mail\" value=\"\" type=\"email\" name=\"your-email\" \/><\/span>\n\t\t<\/p>\n\t<\/div>\n\t<div class=\"col-lg-6 col-sm-6 col-xs-12\">\n\t\t<p><label for=\"telefon\" class=\"sr-only\">Telefonnummer<\/label><span class=\"wpcf7-form-control-wrap\" data-name=\"telefon\"><input size=\"40\" maxlength=\"400\" class=\"wpcf7-form-control wpcf7-tel wpcf7-validates-as-required wpcf7-text wpcf7-validates-as-tel\" id=\"telefon\" aria-required=\"true\" aria-invalid=\"false\" placeholder=\"Telefonnummer\" value=\"\" type=\"tel\" name=\"telefon\" \/><\/span>\n\t\t<\/p>\n\t<\/div>\n<\/div>\n<p><label for=\"your-subject\" class=\"sr-only\">Anliegen<\/label><span class=\"wpcf7-form-control-wrap\" data-name=\"your-subject\"><input size=\"40\" maxlength=\"400\" class=\"wpcf7-form-control wpcf7-text\" id=\"your-subject\" aria-invalid=\"false\" placeholder=\"Anliegen\" value=\"\" type=\"text\" name=\"your-subject\" \/><\/span>\n<\/p>\n<p><label for=\"your-message\" class=\"sr-only\">Nachricht<\/label><span class=\"wpcf7-form-control-wrap\" data-name=\"your-message\"><textarea cols=\"40\" rows=\"10\" maxlength=\"2000\" class=\"wpcf7-form-control wpcf7-textarea wpcf7-validates-as-required\" id=\"your-message\" aria-required=\"true\" aria-invalid=\"false\" placeholder=\"Nachricht...\" name=\"your-message\"><\/textarea><\/span>\n<\/p>\n<p><span id=\"wpcf7-69de20852d897-wrapper\" class=\"wpcf7-form-control-wrap adresse-wrap\" style=\"display:none !important; visibility:hidden !important;\"><label for=\"wpcf7-69de20852d897-field\" class=\"hp-message\">Veuillez laisser ce champ vide.<\/label><input id=\"wpcf7-69de20852d897-field\"  class=\"wpcf7-form-control wpcf7-text\" type=\"text\" name=\"adresse\" value=\"\" size=\"40\" tabindex=\"-1\" autocomplete=\"new-password\" \/><\/span>\n<\/p>\n<p><span class=\"wpcf7-form-control-wrap\" data-name=\"your-consent\"><span class=\"wpcf7-form-control wpcf7-acceptance\"><span class=\"wpcf7-list-item\"><label><input type=\"checkbox\" name=\"your-consent\" value=\"1\" aria-invalid=\"false\" \/><span class=\"wpcf7-list-item-label\">Ich habe die <a href=\"http:\/\/www.wohnwagen-vogt.de\/datenschutz\/\" target=\"_blank\" class=\"dslink\">Datenschutzerkl\u00e4rung<\/a> zur Kenntnis genommen und stimme der Speicherung meiner Daten zu.<\/span><\/label><\/span><\/span><\/span>\n<\/p>\n<p><br \/>\nIch bin damit einverstanden, gelegentlich Neuigkeiten von Wohnwagen Vogt (\"Newsletter\") per E-Mail zu erhalten:\n<\/p>\n<p>[radio* newsletter use_label_element \"Ja\" \"Nein\"]\n<\/p>\n<p class=\"btn btn-color\"><input class=\"wpcf7-form-control wpcf7-submit has-spinner\" type=\"submit\" value=\"Senden\" \/>\n<\/p><input type='hidden' class='wpcf7-pum' value='{\"closepopup\":false,\"closedelay\":0,\"openpopup\":false,\"openpopup_id\":0}' \/><div class=\"wpcf7-response-output\" aria-hidden=\"true\"><\/div>\n<\/form>\n<\/div>\n[\/vc_column_text][\/vc_column][\/vc_row]<\/p>\n<\/div>","protected":false},"excerpt":{"rendered":"<p>[vc_row tz_row_type=\u00a0\u00bbgrid\u00a0\u00bb css=\u00a0\u00bb.vc_custom_1529936861059{margin-bottom: 0px !important;padding-top: -20px !important;padding-right: -20px !important;padding-left: -20px !important;background-color: #ffffff !important;}\u00a0\u00bb][vc_column][vc_column_text css=\u00a0\u00bb\u00a0\u00bb] Vous \u00eates actuellement en train de consulter le contenu d&rsquo;un espace r\u00e9serv\u00e9 de Google Maps. Pour acc\u00e9der au contenu r\u00e9el, cliquez sur le bouton ci-dessous. Veuillez noter que ce faisant, des donn\u00e9es seront partag\u00e9es avec des [&hellip;]<\/p>\n","protected":false},"author":1,"featured_media":0,"parent":0,"menu_order":0,"comment_status":"closed","ping_status":"closed","template":"","meta":{"footnotes":""},"class_list":["post-16687","page","type-page","status-publish","hentry"],"_links":{"self":[{"href":"https:\/\/www.wohnwagen-vogt.de\/fr\/wp-json\/wp\/v2\/pages\/16687","targetHints":{"allow":["GET"]}}],"collection":[{"href":"https:\/\/www.wohnwagen-vogt.de\/fr\/wp-json\/wp\/v2\/pages"}],"about":[{"href":"https:\/\/www.wohnwagen-vogt.de\/fr\/wp-json\/wp\/v2\/types\/page"}],"author":[{"embeddable":true,"href":"https:\/\/www.wohnwagen-vogt.de\/fr\/wp-json\/wp\/v2\/users\/1"}],"replies":[{"embeddable":true,"href":"https:\/\/www.wohnwagen-vogt.de\/fr\/wp-json\/wp\/v2\/comments?post=16687"}],"version-history":[{"count":16,"href":"https:\/\/www.wohnwagen-vogt.de\/fr\/wp-json\/wp\/v2\/pages\/16687\/revisions"}],"predecessor-version":[{"id":30361,"href":"https:\/\/www.wohnwagen-vogt.de\/fr\/wp-json\/wp\/v2\/pages\/16687\/revisions\/30361"}],"wp:attachment":[{"href":"https:\/\/www.wohnwagen-vogt.de\/fr\/wp-json\/wp\/v2\/media?parent=16687"}],"curies":[{"name":"wp","href":"https:\/\/api.w.org\/{rel}","templated":true}]}}